{"id":2,"date":"2021-11-19T15:40:08","date_gmt":"2021-11-19T15:40:08","guid":{"rendered":"http:\/\/urbanisationharmonieusedesauzet.fr\/?page_id=2"},"modified":"2025-09-05T14:54:24","modified_gmt":"2025-09-05T13:54:24","slug":"sample-page","status":"publish","type":"page","link":"https:\/\/urbanisationharmonieusedesauzet.fr\/index.php\/sample-page\/","title":{"rendered":"Contact"},"content":{"rendered":"\n<h2 class=\"wp-block-heading\"><strong>Pour une urbanisation harmonieuse de Sauzet<\/strong><\/h2>\n\n\n\n<h4 class=\"wp-block-heading\">PRESIDENT<\/h4>\n\n\n\n<p>Antoine Daguet<\/p>\n\n\n\n<h4 class=\"wp-block-heading\">VICE-PRESIDENT<\/h4>\n\n\n\n<p>Alain Gamore<\/p>\n\n\n\n<h4 class=\"wp-block-heading\">TR\u00c9SORIER<\/h4>\n\n\n\n<p>Antoine Daguet<\/p>\n\n\n\n<h4 class=\"wp-block-heading\">SECR\u00c9TAIRE<\/h4>\n\n\n\n<p>C\u00e9line Happiette<\/p>\n\n\n\n<p>Adresse pour le courrier:<br>51 impasse du Petit Bois<br>Sauzet 26740<\/p>\n\n\n\n<h5 class=\"wp-block-heading\">E-MAIL:<\/h5>\n\n\n\n<p><a href=\"mailto:urbanisationsauzet@gmail.com\" target=\"_blank\" rel=\"noopener\" title=\"\">urbanisationsauzet@gmail.com<\/a><\/p>\n","protected":false},"excerpt":{"rendered":"<p>Pour une urbanisation harmonieuse de Sauzet PRESIDENT Antoine Daguet VICE-PRESIDENT Alain Gamore TR\u00c9SORIER Antoine Daguet SECR\u00c9TAIRE C\u00e9line Happiette Adresse pour le courrier:51 impasse du Petit BoisSauzet 26740 E-MAIL: urbanisationsauzet@gmail.com<\/p>\n","protected":false},"author":1,"featured_media":0,"parent":0,"menu_order":0,"comment_status":"closed","ping_status":"open","template":"","meta":{"om_disable_all_campaigns":false,"_monsterinsights_skip_tracking":false,"_monsterinsights_sitenote_active":false,"_monsterinsights_sitenote_note":"","_monsterinsights_sitenote_category":0,"footnotes":""},"class_list":["post-2","page","type-page","status-publish","hentry"],"aioseo_notices":[],"_links":{"self":[{"href":"https:\/\/urbanisationharmonieusedesauzet.fr\/index.php\/wp-json\/wp\/v2\/pages\/2","targetHints":{"allow":["GET"]}}],"collection":[{"href":"https:\/\/urbanisationharmonieusedesauzet.fr\/index.php\/wp-json\/wp\/v2\/pages"}],"about":[{"href":"https:\/\/urbanisationharmonieusedesauzet.fr\/index.php\/wp-json\/wp\/v2\/types\/page"}],"author":[{"embeddable":true,"href":"https:\/\/urbanisationharmonieusedesauzet.fr\/index.php\/wp-json\/wp\/v2\/users\/1"}],"replies":[{"embeddable":true,"href":"https:\/\/urbanisationharmonieusedesauzet.fr\/index.php\/wp-json\/wp\/v2\/comments?post=2"}],"version-history":[{"count":27,"href":"https:\/\/urbanisationharmonieusedesauzet.fr\/index.php\/wp-json\/wp\/v2\/pages\/2\/revisions"}],"predecessor-version":[{"id":697,"href":"https:\/\/urbanisationharmonieusedesauzet.fr\/index.php\/wp-json\/wp\/v2\/pages\/2\/revisions\/697"}],"wp:attachment":[{"href":"https:\/\/urbanisationharmonieusedesauzet.fr\/index.php\/wp-json\/wp\/v2\/media?parent=2"}],"curies":[{"name":"wp","href":"https:\/\/api.w.org\/{rel}","templated":true}]}}