{"id":328,"date":"2022-11-28T15:56:11","date_gmt":"2022-11-28T14:56:11","guid":{"rendered":"https:\/\/urbanisationharmonieusedesauzet.fr\/?page_id=328"},"modified":"2023-08-31T10:17:59","modified_gmt":"2023-08-31T09:17:59","slug":"petition","status":"publish","type":"page","link":"https:\/\/urbanisationharmonieusedesauzet.fr\/index.php\/petition\/","title":{"rendered":"P\u00e9tition"},"content":{"rendered":"\n<h2 class=\"wp-block-heading\">Contre la construction de serres photovolta\u00efques \u00e0 Sauzet<\/h2>\n\n\n\n<p>Je m&rsquo;oppose \u00e0 la construction d&rsquo;une serre photovolta\u00efque de 75000 m2 dans le quarter La Pauvret\u00e9 \u00e0 Sauzet.<\/p>\n\n\n\n\n<div class=\"wp-block-image\">\n<figure class=\"alignright size-full\"><a href=\"https:\/\/www.facebook.com\/groups\/1400219747544498\" target=\"_blank\" rel=\"noopener\"><img loading=\"lazy\" decoding=\"async\" width=\"389\" height=\"129\" src=\"https:\/\/urbanisationharmonieusedesauzet.fr\/wp-content\/uploads\/2023\/08\/fimages-1.jpeg\" alt=\"\" class=\"wp-image-407\" srcset=\"https:\/\/urbanisationharmonieusedesauzet.fr\/wp-content\/uploads\/2023\/08\/fimages-1.jpeg 389w, https:\/\/urbanisationharmonieusedesauzet.fr\/wp-content\/uploads\/2023\/08\/fimages-1-300x99.jpeg 300w\" sizes=\"auto, (max-width: 389px) 100vw, 389px\" \/><\/a><\/figure>\n<\/div>","protected":false},"excerpt":{"rendered":"<p>Contre la construction de serres photovolta\u00efques \u00e0 Sauzet Je m&rsquo;oppose \u00e0 la construction d&rsquo;une serre photovolta\u00efque de 75000 m2 dans le quarter La Pauvret\u00e9 \u00e0 Sauzet.<\/p>\n","protected":false},"author":1,"featured_media":0,"parent":0,"menu_order":0,"comment_status":"closed","ping_status":"closed","template":"","meta":{"om_disable_all_campaigns":false,"_monsterinsights_skip_tracking":false,"_monsterinsights_sitenote_active":false,"_monsterinsights_sitenote_note":"","_monsterinsights_sitenote_category":0,"footnotes":""},"class_list":["post-328","page","type-page","status-publish","hentry"],"aioseo_notices":[],"_links":{"self":[{"href":"https:\/\/urbanisationharmonieusedesauzet.fr\/index.php\/wp-json\/wp\/v2\/pages\/328","targetHints":{"allow":["GET"]}}],"collection":[{"href":"https:\/\/urbanisationharmonieusedesauzet.fr\/index.php\/wp-json\/wp\/v2\/pages"}],"about":[{"href":"https:\/\/urbanisationharmonieusedesauzet.fr\/index.php\/wp-json\/wp\/v2\/types\/page"}],"author":[{"embeddable":true,"href":"https:\/\/urbanisationharmonieusedesauzet.fr\/index.php\/wp-json\/wp\/v2\/users\/1"}],"replies":[{"embeddable":true,"href":"https:\/\/urbanisationharmonieusedesauzet.fr\/index.php\/wp-json\/wp\/v2\/comments?post=328"}],"version-history":[{"count":3,"href":"https:\/\/urbanisationharmonieusedesauzet.fr\/index.php\/wp-json\/wp\/v2\/pages\/328\/revisions"}],"predecessor-version":[{"id":409,"href":"https:\/\/urbanisationharmonieusedesauzet.fr\/index.php\/wp-json\/wp\/v2\/pages\/328\/revisions\/409"}],"wp:attachment":[{"href":"https:\/\/urbanisationharmonieusedesauzet.fr\/index.php\/wp-json\/wp\/v2\/media?parent=328"}],"curies":[{"name":"wp","href":"https:\/\/api.w.org\/{rel}","templated":true}]}}