{"id":97,"date":"2021-11-21T16:49:24","date_gmt":"2021-11-21T15:49:24","guid":{"rendered":"http:\/\/urbanisationharmonieusedesauzet.fr\/?page_id=97"},"modified":"2025-11-22T12:15:29","modified_gmt":"2025-11-22T11:15:29","slug":"actions","status":"publish","type":"page","link":"https:\/\/urbanisationharmonieusedesauzet.fr\/index.php\/actions\/","title":{"rendered":"Nos actions"},"content":{"rendered":"<h1><strong>2025<\/strong><\/h1>\n\n\n<h5 class=\"wp-block-heading\">Novembre 2025<\/h5>\n\n\n\n<p>Assembl\u00e9e G\u00e9n\u00e9rale<\/p>\n\n\n\n<p><a href=\"https:\/\/urbanisationharmonieusedesauzet.fr\/index.php\/nos-actions-en-detail\/#20112025\" title=\"\">Compte rendu<\/a><\/p>\n\n\n\n<h5 class=\"wp-block-heading\">Novembre 2025<\/h5>\n\n\n\n<p>Communication de Mont\u00e9limar- Agglom\u00e9ration<\/p>\n\n\n\n<p><a href=\"https:\/\/urbanisationharmonieusedesauzet.fr\/index.php\/nos-actions-en-detail\/#18112025\" title=\"\">Compte rendu<\/a><\/p>\n\n\n\n<h5 class=\"wp-block-heading\">Avril 2025<\/h5>\n\n\n\n<p>R\u00e9union de concertation PLUi-H 11 avril \u00e0 Charols<\/p>\n\n\n\n<p><a href=\"https:\/\/urbanisationharmonieusedesauzet.fr\/index.php\/nos-actions-en-detail\/#11042025\" title=\"\">Compte rendu<\/a><\/p>\n\n\n\n<h5 class=\"wp-block-heading\">janvier 2025<\/h5>\n\n\n\n<p>Lettre \u00e0 Mont\u00e9limar Agglo 21\/01\/2025<\/p>\n\n\n\n<p><a href=\"https:\/\/urbanisationharmonieusedesauzet.fr\/index.php\/nos-actions-en-detail\/#lettre21012025\" title=\"\">Compte rendu<\/a><\/p>\n\n\n<h1><strong>2024<\/strong><\/h1>\n\n\n<h5 class=\"wp-block-heading\">DECEMBRE 2024<\/h5>\n\n\n\n<p>R\u00e9ponse de Mont\u00e9limar Agglo 12\/12\/2024<\/p>\n\n\n\n<p><a href=\"https:\/\/urbanisationharmonieusedesauzet.fr\/index.php\/nos-actions-en-detail\/#lettre12122024\" title=\"\">Compte rendu<\/a><\/p>\n\n\n\n<h5 class=\"wp-block-heading\">novembre 2024<\/h5>\n\n\n\n<p>Article dans la Tribune<\/p>\n\n\n\n<figure class=\"wp-block-image size-large is-resized\"><img loading=\"lazy\" decoding=\"async\" width=\"883\" height=\"1024\" src=\"http:\/\/urbanisationharmonieusedesauzet.fr\/wp-content\/uploads\/2024\/12\/article-journal-nov-2024-883x1024.jpg\" alt=\"\" class=\"wp-image-629\" style=\"width:408px;height:auto\" srcset=\"https:\/\/urbanisationharmonieusedesauzet.fr\/wp-content\/uploads\/2024\/12\/article-journal-nov-2024-883x1024.jpg 883w, https:\/\/urbanisationharmonieusedesauzet.fr\/wp-content\/uploads\/2024\/12\/article-journal-nov-2024-259x300.jpg 259w, https:\/\/urbanisationharmonieusedesauzet.fr\/wp-content\/uploads\/2024\/12\/article-journal-nov-2024-768x891.jpg 768w, https:\/\/urbanisationharmonieusedesauzet.fr\/wp-content\/uploads\/2024\/12\/article-journal-nov-2024-1324x1536.jpg 1324w, https:\/\/urbanisationharmonieusedesauzet.fr\/wp-content\/uploads\/2024\/12\/article-journal-nov-2024-1765x2048.jpg 1765w\" sizes=\"auto, (max-width: 767px) 89vw, (max-width: 1000px) 54vw, (max-width: 1071px) 543px, 580px\" \/><\/figure>\n\n\n\n<h5 class=\"wp-block-heading\"><br>novembre 2024<\/h5>\n\n\n\n<p>R\u00e9union publique 22 novembre 2024 \u00e0 la mairie de Sauzet.<\/p>\n\n\n\n<p><a href=\"https:\/\/urbanisationharmonieusedesauzet.fr\/index.php\/nos-actions-en-detail\/#reunion22112024\" title=\"\">Compte rendu<\/a><\/p>\n\n\n\n<h5 class=\"wp-block-heading\">septembre 2024<\/h5>\n\n\n\n<p>Assembl\u00e9e G\u00e9n\u00e9rale au Dauphin \u00e0 Sauzet 30\/09\/2024<\/p>\n\n\n\n<p><a href=\"https:\/\/urbanisationharmonieusedesauzet.fr\/index.php\/nos-actions-en-detail\/#AG2024\" title=\"\"><a href=\"https:\/\/urbanisationharmonieusedesauzet.fr\/index.php\/nos-actions-en-detail\/#AG2024\" title=\"Compte rendu\">Compte rendu<\/a><\/a><\/p>\n\n\n\n<h5 class=\"wp-block-heading\">JUIN 2024<\/h5>\n\n\n\n<p>Lettre au service de l&rsquo;urbanisme de l&rsquo;Agglo- Mont\u00e9limar 24\/06\/2024.<\/p>\n\n\n\n<p><a href=\"https:\/\/urbanisationharmonieusedesauzet.fr\/index.php\/nos-actions-en-detail\/#lettre24062024\" title=\"\">Compte rendu<\/a><\/p>\n\n\n\n<h5 class=\"wp-block-heading\">MARS 2024<\/h5>\n\n\n\n<p>R\u00e9ponse de l&rsquo;Agglo- Mont\u00e9limar 14\/03\/2024.<\/p>\n\n\n\n<p><a href=\"https:\/\/urbanisationharmonieusedesauzet.fr\/index.php\/nos-actions-en-detail\/#agglo14032024\" title=\"\">Compte rendu<\/a><\/p>\n\n\n\n<h5 class=\"wp-block-heading\">FEVRIER 2024<\/h5>\n\n\n\n<p>Lettre au service de l&rsquo;urbanisme de l&rsquo;Agglo- Mont\u00e9limar  16\/02\/2024.<\/p>\n\n\n\n<p><a href=\"https:\/\/urbanisationharmonieusedesauzet.fr\/index.php\/nos-actions-en-detail\/#lettre1224\" title=\"\">Compte rendu<\/a><\/p>\n\n\n<h1><strong>2023<\/strong><\/h1>\n\n\n<h5 class=\"wp-block-heading\">SEPTEMBRE 2023<\/h5>\n\n\n\n<p>Forum des Associations 9\/09\/2023. <\/p>\n\n\n\n<p id=\"cm29092022\"><a href=\"https:\/\/urbanisationharmonieusedesauzet.fr\/index.php\/nos-actions-en-detail\/#forum2023\" title=\"\">Compte rendu<br><br><\/a><\/p>\n\n\n\n<h5 class=\"wp-block-heading\">OCTOBRE 2023<\/h5>\n\n\n\n<p>Assembl\u00e9e G\u00e9n\u00e9rale 12\/10\/2023.<\/p>\n\n\n\n<p><a href=\"https:\/\/urbanisationharmonieusedesauzet.fr\/index.php\/nos-actions-en-detail\/#AG2023\" title=\"Compte rendu\">Compte rendu<\/a><\/p>\n\n\n\n<h5 class=\"wp-block-heading\">OCTOBRE 2023<\/h5>\n\n\n\n<p>Questions au maire de Sauzet  12\/10\/2023. <\/p>\n\n\n\n<p><a href=\"https:\/\/urbanisationharmonieusedesauzet.fr\/index.php\/nos-actions-en-detail\/#questions1210\" title=\"Compte rendu\">Compte rendu<\/a><\/p>\n\n\n\n<h5 class=\"wp-block-heading\">decembre 2023<\/h5>\n\n\n\n<p>Lettre au service de l&rsquo;urbanisme de l&rsquo;Agglo- Mont\u00e9limar  16\/12\/2023.<\/p>\n\n\n\n<p><a href=\"https:\/\/urbanisationharmonieusedesauzet.fr\/index.php\/nos-actions-en-detail\/#lettre1612\" title=\"\">Compte rendu<\/a><\/p>\n\n\n\n<p><\/p>\n\n\n<h1><strong>2022<\/strong><\/h1>\n\n\n<h5 class=\"wp-block-heading\">AVRIL 2022<\/h5>\n\n\n\n<p><\/p>\n\n\n\n<p>R\u00e9union d&rsquo;information sur le nouveau PADD. <br><a href=\"https:\/\/urbanisationharmonieusedesauzet.fr\/index.php\/nos-actions-en-detail\/#paddavril2022\" title=\"\">Communiqu\u00e9 de presse<\/a><a href=\"https:\/\/urbanisationharmonieusedesauzet.fr\/index.php\/nos-actions-en-detail\/#cm26092022\" title=\"\"><br><br><\/a><\/p>\n\n\n\n<h5 class=\"wp-block-heading\">octobre 2022<\/h5>\n\n\n\n<p>Rendez-vous avec le maire 16\/10\/2022. <\/p>\n\n\n\n<p id=\"cm29092022\"><a href=\"https:\/\/urbanisationharmonieusedesauzet.fr\/index.php\/nos-actions-en-detail\/#rdvmaire1610\" title=\"\">Compte rendu<br><br><\/a><\/p>\n\n\n\n<h5 class=\"wp-block-heading\">octobre 2022<\/h5>\n\n\n\n<p>R\u00e9union d\u00e9bat 16\/11\/2022. <\/p>\n\n\n\n<p id=\"cm29092022\"><a href=\"https:\/\/urbanisationharmonieusedesauzet.fr\/index.php\/nos-actions-en-detail\/#reuniondebat1611\" title=\"\">Compte rendu<\/a><a href=\"https:\/\/urbanisationharmonieusedesauzet.fr\/index.php\/nos-actions-en-detail\/#cm26092022#reuniondebat1611\" title=\"\"><br><br><\/a><\/p>\n\n\n\n<h1 class=\"wp-block-heading\"><strong>2021<\/strong><\/h1>\n\n\n\n<h5 class=\"wp-block-heading\">septembre 2021<\/h5>\n\n\n\n<p>Assembl\u00e9e G\u00e9n\u00e9rale. <a href=\"https:\/\/urbanisationharmonieusedesauzet.fr\/index.php\/nos-actions-en-detail\/#AG2021\" title=\"\">Compte rendu<\/a><\/p>\n\n\n\n<h1 class=\"wp-block-heading\"><strong>2020<\/strong><\/h1>\n\n\n\n<h5 class=\"wp-block-heading\">27 juin 2020<\/h5>\n\n\n\n<p>Rencontre avec le nouveau maire et la responsable de l&rsquo;urbanisme. <\/p>\n\n\n\n<h5 class=\"wp-block-heading\">juillet 2020<\/h5>\n\n\n\n<p>Projet de poulailler \u00e0 Sauzet. Visite d&rsquo;un poulailler similaire \u00e0 Savasse. <\/p>\n\n\n\n<h5 class=\"wp-block-heading\">septembre 2020<\/h5>\n\n\n\n<p>Assembl\u00e9e G\u00e9n\u00e9rale. <br>Articles Le Dauphin\u00e9 et La Tribune<\/p>\n\n\n\n<h1 class=\"wp-block-heading\"><strong>2019<\/strong><\/h1>\n\n\n\n<h5 class=\"wp-block-heading\">22 septembre 2019<\/h5>\n\n\n\n<p>R\u00e9union et r\u00e9daction d&rsquo;une lettre au maire et \u00e0 ses adjoints pour demander la r\u00e9vision des projets inscrits au PLU actuellement en n\u00e9gociation. <br>Cr\u00e9ation d&rsquo;une association pour repr\u00e9senter les Sauzillards inquiets des projets tr\u00e8s importants d&rsquo;urbanisation. <a href=\"https:\/\/urbanisationharmonieusedesauzet.fr\/index.php\/association\/\" title=\"\">Voir les statuts<\/a>.<\/p>\n\n\n\n<h5 class=\"wp-block-heading\">7 Octobre 2019<\/h5>\n\n\n\n<p>Lettre au maire de Sauzet pour l&rsquo;informer de la cr\u00e9ation de l&rsquo;association. <\/p>\n\n\n\n<h5 class=\"wp-block-heading\">12 octobre 2019<\/h5>\n\n\n\n<p>Lettre au pr\u00e9sident de Mont\u00e9limar-Agglo. <br>Lettre au Pr\u00e9fet de la Drome.<\/p>\n\n\n\n<h5 class=\"wp-block-heading\">18 octobre 2019<\/h5>\n\n\n\n<p>Cr\u00e9ation d&rsquo;un site internet: <a href=\"http:\/\/www.urbanisationharmonieusedesauzet.fr\/\">www.urbanisationharmonieusedesauzet.fr<\/a><\/p>\n\n\n\n<h5 class=\"wp-block-heading\">26 octobre 2019<\/h5>\n\n\n\n<p>Distribution d&rsquo;un tract d&rsquo;information dans les boites \u00e0 lettres. <\/p>\n\n\n\n<h5 class=\"wp-block-heading\">29 octobre 2019<\/h5>\n\n\n\n<p>Rendez vous avec la technicienne en charge de la planification \u00e0 Mont\u00e9limar-Agglom\u00e9ration. <\/p>\n\n\n\n<h5 class=\"wp-block-heading\">30 octobre 2019<\/h5>\n\n\n\n<p>Enregistrement de l&rsquo;association aupr\u00e8s de madame Faure, charg\u00e9e des Associations \u00e0 la mairie de Sauzet.<\/p>\n\n\n\n<h5 class=\"wp-block-heading\">6 novembre 2019<\/h5>\n\n\n\n<p>Lancement de la p\u00e9tition  \u00ab\u00a0Sauver Sauzet\u00a0\u00bb<\/p>\n\n\n\n<h5 class=\"wp-block-heading\">28 novembre 2019<\/h5>\n\n\n\n<p>L&rsquo;association \u00e0 la une de La Tribune<\/p>\n\n\n\n<h5 class=\"wp-block-heading\">5 decembre 2019<\/h5>\n\n\n\n<p>Rencontre avec les journalistes du Dauphin\u00e9<\/p>\n\n\n\n<h5 class=\"wp-block-heading\">6 d\u00e9cembre 2019<\/h5>\n\n\n\n<p>R\u00e9union d&rsquo;information \u00e0 19h au Dauphin, la salle polyvalente de Sauzet. <\/p>\n\n\n\n<h5 class=\"wp-block-heading\">10 d\u00e9cembre 2019<\/h5>\n\n\n\n<p>Rencontre avec le maire de Sauzet. <\/p>\n\n\n\n<h5 class=\"wp-block-heading\">13 d\u00e9cembre 2019<\/h5>\n\n\n\n<p>Tous au dernier conseil municipal de l&rsquo;ann\u00e9e. <\/p>\n\n\n<div class=\"wp-block-image\">\n<figure class=\"alignright size-full\"><a href=\"https:\/\/www.facebook.com\/groups\/1400219747544498\" target=\"_blank\" rel=\"noreferrer noopener\"><img loading=\"lazy\" decoding=\"async\" width=\"389\" height=\"129\" src=\"http:\/\/urbanisationharmonieusedesauzet.fr\/wp-content\/uploads\/2023\/08\/fimages-1.jpeg\" alt=\"\" class=\"wp-image-407\" srcset=\"https:\/\/urbanisationharmonieusedesauzet.fr\/wp-content\/uploads\/2023\/08\/fimages-1.jpeg 389w, https:\/\/urbanisationharmonieusedesauzet.fr\/wp-content\/uploads\/2023\/08\/fimages-1-300x99.jpeg 300w\" sizes=\"auto, (max-width: 389px) 100vw, 389px\" \/><\/a><\/figure>\n<\/div>","protected":false},"excerpt":{"rendered":"<p>2025 Novembre 2025 Assembl\u00e9e G\u00e9n\u00e9rale Compte rendu Novembre 2025 Communication de Mont\u00e9limar- Agglom\u00e9ration Compte rendu Avril 2025 R\u00e9union de concertation PLUi-H 11 avril \u00e0 Charols Compte rendu janvier 2025 Lettre \u00e0 Mont\u00e9limar Agglo 21\/01\/2025 Compte rendu 2024 DECEMBRE 2024 R\u00e9ponse de Mont\u00e9limar Agglo 12\/12\/2024 Compte rendu novembre 2024 Article dans la Tribune novembre 2024 R\u00e9union &hellip; <\/p>\n<p class=\"link-more\"><a href=\"https:\/\/urbanisationharmonieusedesauzet.fr\/index.php\/actions\/\" class=\"more-link\">Continuer la lecture<span class=\"screen-reader-text\"> de &laquo;&nbsp;Nos actions&nbsp;&raquo;<\/span><\/a><\/p>\n","protected":false},"author":1,"featured_media":0,"parent":0,"menu_order":0,"comment_status":"closed","ping_status":"closed","template":"","meta":{"om_disable_all_campaigns":true,"_monsterinsights_skip_tracking":false,"_monsterinsights_sitenote_active":false,"_monsterinsights_sitenote_note":"","_monsterinsights_sitenote_category":0,"footnotes":""},"class_list":["post-97","page","type-page","status-publish","hentry"],"aioseo_notices":[],"_links":{"self":[{"href":"https:\/\/urbanisationharmonieusedesauzet.fr\/index.php\/wp-json\/wp\/v2\/pages\/97","targetHints":{"allow":["GET"]}}],"collection":[{"href":"https:\/\/urbanisationharmonieusedesauzet.fr\/index.php\/wp-json\/wp\/v2\/pages"}],"about":[{"href":"https:\/\/urbanisationharmonieusedesauzet.fr\/index.php\/wp-json\/wp\/v2\/types\/page"}],"author":[{"embeddable":true,"href":"https:\/\/urbanisationharmonieusedesauzet.fr\/index.php\/wp-json\/wp\/v2\/users\/1"}],"replies":[{"embeddable":true,"href":"https:\/\/urbanisationharmonieusedesauzet.fr\/index.php\/wp-json\/wp\/v2\/comments?post=97"}],"version-history":[{"count":87,"href":"https:\/\/urbanisationharmonieusedesauzet.fr\/index.php\/wp-json\/wp\/v2\/pages\/97\/revisions"}],"predecessor-version":[{"id":719,"href":"https:\/\/urbanisationharmonieusedesauzet.fr\/index.php\/wp-json\/wp\/v2\/pages\/97\/revisions\/719"}],"wp:attachment":[{"href":"https:\/\/urbanisationharmonieusedesauzet.fr\/index.php\/wp-json\/wp\/v2\/media?parent=97"}],"curies":[{"name":"wp","href":"https:\/\/api.w.org\/{rel}","templated":true}]}}